{"id":1498,"date":"2014-12-16T21:47:11","date_gmt":"2014-12-16T21:47:11","guid":{"rendered":"http:\/\/tenisdemesaacre.com.br\/site\/?page_id=1498"},"modified":"2016-01-11T18:46:39","modified_gmt":"2016-01-11T18:46:39","slug":"calendario-das-etapas-do-tenis-de-mesa-para-2015","status":"publish","type":"page","link":"https:\/\/tenisdemesaacre.com.br\/site\/calendario-das-etapas-do-tenis-de-mesa-para-2015\/","title":{"rendered":"Calend\u00e1rio TM  para 2015"},"content":{"rendered":"<p>&nbsp;<\/p>\n<p>\u00a0<a href=\"http:\/\/tenisdemesaacre.com.br\/site\/calendario-das-etapas-do-tenis-de-mesa-para-2015\/ftmeac\/\" rel=\"attachment wp-att-1499\"><img loading=\"lazy\" decoding=\"async\" class=\"alignnone size-medium wp-image-1499\" title=\"ftmeac\" src=\"http:\/\/tenisdemesaacre.com.br\/site.br\/site\/wp-content\/uploads\/2014\/12\/ftmeac-259x300.jpg\" alt=\"\" width=\"259\" height=\"300\" srcset=\"https:\/\/tenisdemesaacre.com.br\/site\/wp-content\/uploads\/2014\/12\/ftmeac-259x300.jpg 259w, https:\/\/tenisdemesaacre.com.br\/site\/wp-content\/uploads\/2014\/12\/ftmeac.jpg 314w\" sizes=\"auto, (max-width: 259px) 100vw, 259px\" \/><\/a><\/p>\n<p><span style=\"font-family: Arial, sans-serif;\"><span style=\"font-size: medium;\"><em><strong>FEDERA\u00c7\u00c3O DE T\u00caNIS DE MESA DO ESTADO DO ACRE<\/strong><\/em><\/span><\/span><\/p>\n<p><span style=\"font-family: Arial, sans-serif;\"><span style=\"font-size: medium;\"><em><strong>ENTIDADE OFICIAL FUNDADA EM 05\/06\/2005<\/strong><\/em><\/span><\/span><\/p>\n<p><span style=\"font-family: Arial, sans-serif;\"><span style=\"font-size: medium;\"><em><strong>FILIADA \u00c1 CONFEDERA\u00c7\u00c3O BRASILEIRA DE T\u00caNIS DE MESA<\/strong><\/em><\/span><\/span><\/p>\n<p><span style=\"font-family: Arial, sans-serif;\"><span style=\"font-size: medium;\"><em><strong>CNPJ: 07.471.417\/0001-81<\/strong><\/em><\/span><\/span><\/p>\n<p>&nbsp;<\/p>\n<p>&nbsp;<\/p>\n<p><span style=\"font-family: Arial, sans-serif;\"><em><span style=\"text-decoration: underline;\"><strong>Calend\u00e1rio das Atividades da FTMEAC, para o Ranking Acriano de 2015 \u2013 Circuito 2015<\/strong><\/span><\/em><\/span><\/p>\n<p>&nbsp;<\/p>\n<p>&nbsp;<\/p>\n<p><span style=\"font-family: Arial, sans-serif;\"><em><strong>1\u00aa etapa: MAR\u00c7O\/2015<\/strong><\/em><\/span><\/p>\n<p>&nbsp;<\/p>\n<p><span style=\"font-family: Arial, sans-serif;\"><em>Categoria Absoluto (Adulto) e Infantil\/Juvenil &#8211; dia 24\/03\/2015 (ter\u00e7a-feira) <\/em><\/span><\/p>\n<p><span style=\"font-family: Arial, sans-serif;\"><em>Categoria Pr\u00e9-Mirim e Mirim, Feminino e Estreantes &#8211; dia 26\/03\/2015 (quinta-feira)<\/em><\/span><\/p>\n<p><span style=\"font-family: Arial, sans-serif;\"><em>Categoria Veteranos dia 28\/03\/2015 (s\u00e1bado ) <\/em><\/span><\/p>\n<p>&nbsp;<\/p>\n<p><span style=\"font-family: Arial, sans-serif;\"><em><strong>2\u00aa etapa: ABRIL\/2015<\/strong><\/em><\/span><\/p>\n<p><span style=\"font-family: Arial, sans-serif;\"><em>Categoria Absoluto (Adulto) e Infantil\/Juvenil &#8211; dia 28\/04\/2015 (ter\u00e7a-feira) <\/em><\/span><\/p>\n<p><span style=\"font-family: Arial, sans-serif;\"><em>Categoria Pr\u00e9-Mirim e Mirim, Feminino e Estreantes &#8211; dia 30\/04\/2015 (quinta-feira)<\/em><\/span><\/p>\n<p><span style=\"font-family: Arial, sans-serif;\"><em>Categoria Veteranos dia 25\/04\/2015 (s\u00e1bado ) <\/em><\/span><\/p>\n<p>&nbsp;<\/p>\n<p>&nbsp;<\/p>\n<p><span style=\"font-family: Arial, sans-serif;\"><em><strong>3\u00aa etapa: MAIO\/2015<\/strong><\/em><\/span><\/p>\n<p><span style=\"font-family: Arial, sans-serif;\"><em>Categoria Absoluto (Adulto) e Infantil\/Juvenil &#8211; dia 26\/05\/2015 (ter\u00e7a-feira) <\/em><\/span><\/p>\n<p><span style=\"font-family: Arial, sans-serif;\"><em>Categoria Pr\u00e9-Mirim e Mirim, Feminino e Estreantes &#8211; dia 28\/05\/2015 (quinta-feira)<\/em><\/span><\/p>\n<p><span style=\"font-family: Arial, sans-serif;\"><em>Categoria Veteranos dia 30\/05\/2015 (s\u00e1bado ) <\/em><\/span><\/p>\n<p>&nbsp;<\/p>\n<p><span style=\"font-family: Arial, sans-serif;\"><em><strong>4\u00aa etapa: JUNHO\/2015<\/strong><\/em><\/span><\/p>\n<p><span style=\"font-family: Arial, sans-serif;\"><em>Categoria Absoluto (Adulto) e Infantil\/Juvenil &#8211; dia 23\/06\/2015 (ter\u00e7a-feira) <\/em><\/span><\/p>\n<p><span style=\"font-family: Arial, sans-serif;\"><em>Categoria Veteranos,\u00a0Pr\u00e9-Mirim e Mirim, Feminino e Masculino e Infantil\/Juvenil Feminino\u00a0 dia 27\/06\/2015 (s\u00e1bado ) <\/em><\/span><\/p>\n<p>&nbsp;<\/p>\n<p>&nbsp;<\/p>\n<p><span style=\"font-family: Arial, sans-serif;\"><em><strong>5\u00aa etapa: JULHO\/2015<\/strong><\/em><\/span><\/p>\n<p><span style=\"font-family: Arial, sans-serif;\"><em>Categoria Absoluto (Adulto) e Infantil\/Juvenil &#8211; dia 28\/07\/2015 (ter\u00e7a-feira) <\/em><\/span><\/p>\n<p><em>Categoria Veteranos,\u00a0Pr\u00e9-Mirim e Mirim, Feminino e Masculino e Infantil\/Juvenil Feminino\u00a0\u00a0 <\/em><\/p>\n<p><span style=\"font-family: Arial, sans-serif;\"><em>dia 25\/07\/2015 (s\u00e1bado ) <\/em><\/span><\/p>\n<p>&nbsp;<\/p>\n<p>&nbsp;<\/p>\n<p><span style=\"font-family: Arial, sans-serif;\"><em><strong>6\u00aa etapa: AGOSTO\/2015<\/strong><\/em><\/span><\/p>\n<p><span style=\"font-family: Arial, sans-serif;\"><em>Categoria Absoluto (Adulto)\u00a0\u00a0\u00a0 &#8211; dia 25\/08\/2015 (ter\u00e7a-feira) <\/em><\/span><\/p>\n<p>\u00a0Categoria\u00a0\u00a0 Infantil\/Juvenil\u00a0\u00a0\u00a0 dia 27\/08\/2015 (quinta-feira)<\/p>\n<p><span style=\"font-family: Arial, sans-serif;\"><em>Categoria Veteranos,<\/em><\/span><em>\u00a0Pr\u00e9-Mirim e Mirim, Feminino e Masculino e Infantil\/Juvenil Feminino\u00a0\u00a0 <\/em><\/p>\n<p><span style=\"font-family: Arial, sans-serif;\"><em>dia 29\/08\/2015 (s\u00e1bado ) <\/em><\/span><\/p>\n<p>&nbsp;<\/p>\n<p><span style=\"font-family: Arial, sans-serif;\"><em><strong>7\u00aa etapa: SETEMBRO\/2015<\/strong><\/em><\/span><\/p>\n<p><span style=\"font-family: Arial, sans-serif;\"><em>Categoria Absoluto (Adulto) e Infantil\/Juvenil &#8211; dia 22\/09\/2015 (ter\u00e7a-feira) <\/em><\/span><\/p>\n<p>\u00a0<em>Categoria\u00a0 Infantil\/Juvenil &#8211; dia 24\/09\/2015 (quinta-feira)<\/em><\/p>\n<p><em>Categoria Veteranos,\u00a0Pr\u00e9-Mirim e Mirim, Feminino e Masculino e Infantil\/Juvenil Feminino\u00a0\u00a0<\/em><span style=\"font-family: Arial, sans-serif;\"><em>dia 26\/09\/2015 (s\u00e1bado ) <\/em><\/span><\/p>\n<p>&nbsp;<\/p>\n<p>&nbsp;<\/p>\n<p><span style=\"font-family: Arial, sans-serif;\"><em><strong>8\u00aa etapa: OUTUBRO\/2015<\/strong><\/em><\/span><\/p>\n<p><span style=\"font-family: Arial, sans-serif;\"><em>Categoria Absoluto (Adulto) e Infantil\/Juvenil &#8211; dia 27\/10\/2015 (ter\u00e7a-feira) <\/em><\/span><\/p>\n<p><em>Categoria\u00a0 Infantil\/Juvenil &#8211; dia 30\/10\/2015 (sextaa-feira) <\/em><\/p>\n<p><em>Categoria Veteranos,\u00a0Pr\u00e9-Mirim e Mirim, Feminino e Masculino e Infantil\/Juvenil Feminino\u00a0d<\/em><span style=\"font-family: Arial, sans-serif;\"><em>ia 31\/10\/2015 (s\u00e1bado ) <\/em><\/span><\/p>\n<p><span style=\"font-family: Arial, sans-serif;\"><em><strong>9\u00aa etapa: NOVEMBRO\/2015<\/strong><\/em><\/span><\/p>\n<p><span style=\"font-family: Arial, sans-serif;\"><em>Categoria Absoluto (Adulto) e Infantil\/Juvenil &#8211; dia 24\/11\/2015 (ter\u00e7a-feira) <\/em><\/span><\/p>\n<p><em>Categoria\u00a0 Infantil\/Juvenil &#8211; dia 27\/11\/2015 (sexta-feira) <\/em><\/p>\n<p><em>Categoria Veteranos,\u00a0Pr\u00e9-Mirim e Mirim, Feminino e Masculino e Infantil\/Juvenil Feminino\u00a0 <\/em><span style=\"font-family: Arial, sans-serif;\"><em>dia 28\/11\/2015 (s\u00e1bado ) <\/em><\/span><\/p>\n<p>&nbsp;<\/p>\n<p><em><strong>10\u00aa etapa: DEZEMBRO\/2015<\/strong><\/em><\/p>\n<p><em>Categoria Absoluto (Adulto) e Infantil\/Juvenil &#8211; dia 15\/12\/2015 (ter\u00e7a-feira) <\/em><\/p>\n<p><em>Categoria\u00a0 Infantil\/Juvenil &#8211; dia 17\/12\/2015 (quinta-feira) <\/em><\/p>\n<p><em>Categoria Veteranos<\/em><em>,\u00a0Pr\u00e9-Mirim e Mirim, Feminino e Masculino e Infantil\/Juvenil Feminino\u00a0\u00a0<\/em><em>dia 12\/12\/2015 (s\u00e1bado ) <\/em><\/p>\n<p><span style=\"font-family: Arial, sans-serif;\"><em><strong>Observa\u00e7\u00f5es:<\/strong><\/em><\/span><\/p>\n<p>&nbsp;<\/p>\n<p>&nbsp;<\/p>\n<p>&nbsp;<\/p>\n<p><span style=\"font-family: Arial, sans-serif;\"><em><strong>O Ranking PERMANECER\u00c1 com os mesmos crit\u00e9rios utilizados em 2014, com a pontua\u00e7\u00e3o, permanecendo da seguinte forma:<\/strong><\/em><\/span><\/p>\n<p><span style=\"font-family: Arial, sans-serif;\"><em><strong>\u00a0\u00a0<\/strong><\/em><\/span><span style=\"font-family: Arial, sans-serif;\"><em><strong>1\u00ba lugar \u2013 500 pontos; 2\u00ba lugar \u2013 400 pontos; 3\u00ba lugar &#8211; 250 pontos; 4\u00ba lugar \u2013200 pontos; 5\u00ba lugar \u2013 180pontos ; 6\u00ba lugar \u2013 160 pontos; 7\u00ba lugar \u2013 140 pontos; 8\u00ba lugar -120 pontos; 9\u00ba lugar \u2013 100 pontos; 10\u00ba lugar \u2013 80 pontos; 11\u00ba lugar \u2013 60 pontos; 12\u00ba lugar- 50 pontos; 13\u00ba lugar -40 pontos; 14\u00ba lugar \u2013 30 pontos; 15\u00ba lugar 25 pontos; 16\u00ba lugar \u2013 20 pontos; 17\u00ba lugar \u2013 15 pontos; 18\u00ba lugar \u2013 14 pontos; 19\u00ba lugar \u201313 pontos; 20\u00ba lugar 11 pontos e do 21\u00ba a 30\u00ba lugar 10 pontos e do 31\u00ba a 40\u00ba lugar 08 pontos e do 41\u00ba a 50\u00ba lugar 05 pontos <\/strong><\/em><\/span><\/p>\n<p>&nbsp;<\/p>\n","protected":false},"excerpt":{"rendered":"<p>&nbsp; \u00a0 FEDERA\u00c7\u00c3O DE T\u00caNIS DE MESA DO ESTADO DO ACRE ENTIDADE OFICIAL FUNDADA EM 05\/06\/2005 FILIADA \u00c1 CONFEDERA\u00c7\u00c3O BRASILEIRA DE T\u00caNIS DE MESA CNPJ: 07.471.417\/0001-81 &nbsp; &nbsp; Calend\u00e1rio das Atividades da FTMEAC, para o Ranking Acriano de 2015 \u2013 Circuito 2015 &nbsp; &nbsp; 1\u00aa etapa: MAR\u00c7O\/2015 &nbsp; Categoria Absoluto (Adulto) e Infantil\/Juvenil &#8211; dia [&hellip;]<\/p>\n","protected":false},"author":2,"featured_media":0,"parent":0,"menu_order":0,"comment_status":"closed","ping_status":"open","template":"","meta":{"footnotes":""},"class_list":["post-1498","page","type-page","status-publish","hentry"],"_links":{"self":[{"href":"https:\/\/tenisdemesaacre.com.br\/site\/wp-json\/wp\/v2\/pages\/1498","targetHints":{"allow":["GET"]}}],"collection":[{"href":"https:\/\/tenisdemesaacre.com.br\/site\/wp-json\/wp\/v2\/pages"}],"about":[{"href":"https:\/\/tenisdemesaacre.com.br\/site\/wp-json\/wp\/v2\/types\/page"}],"author":[{"embeddable":true,"href":"https:\/\/tenisdemesaacre.com.br\/site\/wp-json\/wp\/v2\/users\/2"}],"replies":[{"embeddable":true,"href":"https:\/\/tenisdemesaacre.com.br\/site\/wp-json\/wp\/v2\/comments?post=1498"}],"version-history":[{"count":15,"href":"https:\/\/tenisdemesaacre.com.br\/site\/wp-json\/wp\/v2\/pages\/1498\/revisions"}],"predecessor-version":[{"id":1915,"href":"https:\/\/tenisdemesaacre.com.br\/site\/wp-json\/wp\/v2\/pages\/1498\/revisions\/1915"}],"wp:attachment":[{"href":"https:\/\/tenisdemesaacre.com.br\/site\/wp-json\/wp\/v2\/media?parent=1498"}],"curies":[{"name":"wp","href":"https:\/\/api.w.org\/{rel}","templated":true}]}}