{"id":2034,"date":"2016-01-09T15:30:25","date_gmt":"2016-01-09T15:30:25","guid":{"rendered":"http:\/\/tenisdemesaacre.com.br\/site\/?page_id=2034"},"modified":"2016-01-11T18:46:38","modified_gmt":"2016-01-11T18:46:38","slug":"calendario-das-etapas-de-2016","status":"publish","type":"page","link":"https:\/\/tenisdemesaacre.com.br\/site\/calendario-das-etapas-de-2016\/","title":{"rendered":"Calend\u00e1rio das Etapas de 2016"},"content":{"rendered":"<p><a href=\"http:\/\/tenisdemesaacre.com.br\/site\/wp-content\/uploads\/2016\/01\/calendario-tenis-de-mesa-de-2016.odt\">calendario tenis de mesa de 2016<\/a><\/p>\n<p>&nbsp;<\/p>\n<p class=\"western\"><span style=\"font-family: Arial, sans-serif;\"><span style=\"font-size: large;\"><i><b>FEDERA\u00c7\u00c3O DE T\u00caNIS DE MESA DO ESTADO DO ACRE<\/b><\/i><\/span><\/span><\/p>\n<p class=\"western\"><span style=\"font-family: Arial, sans-serif;\"><span style=\"font-size: large;\"><i><b>ENTIDADE OFICIAL FUNDADA EM 05\/06\/2005<\/b><\/i><\/span><\/span><\/p>\n<p class=\"western\"><span style=\"font-family: Arial, sans-serif;\"><span style=\"font-size: large;\"><i><b>FILIADA \u00c1 CONFEDERA\u00c7\u00c3O BRASILEIRA DE T\u00caNIS DE MESA<\/b><\/i><\/span><\/span><\/p>\n<p class=\"western\"><span style=\"font-family: Arial, sans-serif;\"><span style=\"font-size: large;\"><i><b>CNPJ: 07.471.417\/0001-81<\/b><\/i><\/span><\/span><\/p>\n<p class=\"western\"><span style=\"font-family: Arial, sans-serif;\"><i><u><b>Calend\u00e1rio das Atividades da FTMEAC, para o Ranking Acriano de 2016 \u2013 Circuito 2016<\/b><\/u><\/i><\/span><\/p>\n<p class=\"western\"><span style=\"font-family: Arial, sans-serif;\"><i><b>1\u00aa etapa: FEVEREIRO\/2016<\/b><\/i><\/span><\/p>\n<p class=\"western\"><span style=\"font-family: Arial, sans-serif;\"><i>Categoria : Infantil\/Juvenil &#8211; dia 23\/02\/2016 (ter\u00e7a-feira) <\/i><\/span><\/p>\n<p class=\"western\"><span style=\"font-family: Arial, sans-serif;\"><i>Categoria : Absoluto &#8211; dia 26\/02\/2016 (sexta-feira)<\/i><\/span><\/p>\n<p class=\"western\"><span style=\"font-family: Arial, sans-serif;\"><i>Categoria Pr\u00e9-Mirim e Mirim, Feminino e Masculino, Infantil\/Juvenil (feminino) e Veteranos &#8211; dia 27\/02\/2016 (s\u00e1bado)<\/i><\/span><\/p>\n<p class=\"western\"><span style=\"font-family: Arial, sans-serif;\"><i><b>2\u00aa etapa: MAR\u00c7O\/2016<\/b><\/i><\/span><\/p>\n<p class=\"western\"><span style=\"font-family: Arial, sans-serif;\"><i>Categoria : Infantil\/Juvenil &#8211; dia 22\/03\/2016 (ter\u00e7a-feira) <\/i><\/span><\/p>\n<p class=\"western\"><span style=\"font-family: Arial, sans-serif;\"><i>Categoria : Absoluto &#8211; dia 25\/03\/2016 (sexta-feira)<\/i><\/span><\/p>\n<p class=\"western\"><span style=\"font-family: Arial, sans-serif;\"><i>Categoria Pr\u00e9-Mirim e Mirim, Feminino e Masculino, Infantil\/Juvenil (feminino) e Veteranos &#8211; dia 26\/03\/2016 (s\u00e1bado)<\/i><\/span><\/p>\n<p class=\"western\"><span style=\"font-family: Arial, sans-serif;\"><i><b>3\u00aa etapa: ABRIL\/2016<\/b><\/i><\/span><\/p>\n<p class=\"western\"><span style=\"font-family: Arial, sans-serif;\"><i>Categoria : Infantil\/Juvenil &#8211; dia 26\/04\/2016 (ter\u00e7a-feira) <\/i><\/span><\/p>\n<p class=\"western\"><span style=\"font-family: Arial, sans-serif;\"><i>Categoria : Absoluto &#8211; dia 29\/04\/2016 (sexta-feira)<\/i><\/span><\/p>\n<p class=\"western\"><span style=\"font-family: Arial, sans-serif;\"><i>Categoria Pr\u00e9-Mirim e Mirim, Feminino e Masculino, Infantil\/Juvenil (feminino) e Veteranos &#8211; dia 30\/04\/2016 (s\u00e1bado)<\/i><\/span><\/p>\n<p class=\"western\"><span style=\"font-family: Arial, sans-serif;\"><i><b>4\u00aa etapa: MAIO\/2016<\/b><\/i><\/span><\/p>\n<p class=\"western\"><span style=\"font-family: Arial, sans-serif;\"><i>Categoria : Infantil\/Juvenil &#8211; dia 24\/05\/2016 (ter\u00e7a-feira) <\/i><\/span><\/p>\n<p class=\"western\"><span style=\"font-family: Arial, sans-serif;\"><i>Categoria : Absoluto &#8211; dia 27\/05\/2016 (sexta-feira)<\/i><\/span><\/p>\n<p class=\"western\"><span style=\"font-family: Arial, sans-serif;\"><i>Categoria Pr\u00e9-Mirim e Mirim, Feminino e Masculino, Infantil\/Juvenil (feminino) e Veteranos &#8211; dia 28\/05\/2016 (s\u00e1bado)<\/i><\/span><\/p>\n<p class=\"western\"><span style=\"font-family: Arial, sans-serif;\"><i><b>5\u00aa etapa: JUNHO\/2016<\/b><\/i><\/span><\/p>\n<p class=\"western\"><span style=\"font-family: Arial, sans-serif;\"><i>Categoria : Infantil\/Juvenil &#8211; dia 21\/06\/2016 (ter\u00e7a-feira) <\/i><\/span><\/p>\n<p class=\"western\"><span style=\"font-family: Arial, sans-serif;\"><i>Categoria : Absoluto &#8211; dia 24\/06\/2016 (sexta-feira)<\/i><\/span><\/p>\n<p class=\"western\"><span style=\"font-family: Arial, sans-serif;\"><i>Categoria Pr\u00e9-Mirim e Mirim, Feminino e Masculino, Infantil\/Juvenil (feminino) e Veteranos &#8211; dia 25\/06\/2016 (s\u00e1bado)<\/i><\/span><\/p>\n<p class=\"western\"><span style=\"font-family: Arial, sans-serif;\"><i><b>6\u00aa etapa: JULHO\/2016<\/b><\/i><\/span><\/p>\n<p class=\"western\"><span style=\"font-family: Arial, sans-serif;\"><i>Categoria : Infantil\/Juvenil &#8211; dia 26\/07\/2016 (ter\u00e7a-feira) <\/i><\/span><\/p>\n<p class=\"western\"><span style=\"font-family: Arial, sans-serif;\"><i>Categoria : Absoluto &#8211; dia 29\/07\/2016 (sexta-feira)<\/i><\/span><\/p>\n<p class=\"western\"><span style=\"font-family: Arial, sans-serif;\"><i>Categoria Pr\u00e9-Mirim e Mirim, Feminino e Masculino, Infantil\/Juvenil (feminino) e Veteranos &#8211; dia 30\/07\/2016 (s\u00e1bado)<\/i><\/span><\/p>\n<p class=\"western\"><span style=\"font-family: Arial, sans-serif;\"><i><b>7\u00aa etapa: AGOSTO\/2016<\/b><\/i><\/span><\/p>\n<p class=\"western\"><span style=\"font-family: Arial, sans-serif;\"><i>Categoria : Infantil\/Juvenil &#8211; dia 23\/08\/2016 (ter\u00e7a-feira) <\/i><\/span><\/p>\n<p class=\"western\"><span style=\"font-family: Arial, sans-serif;\"><i>Categoria : Absoluto &#8211; dia 26\/08\/2016 (sexta-feira)<\/i><\/span><\/p>\n<p class=\"western\"><span style=\"font-family: Arial, sans-serif;\"><i>Categoria Pr\u00e9-Mirim e Mirim, Feminino e Masculino, Infantil\/Juvenil (feminino) e Veteranos &#8211; dia 27\/08\/2016 (s\u00e1bado)<\/i><\/span><\/p>\n<p class=\"western\"><span style=\"font-family: Arial, sans-serif;\"><i><b>8\u00aa etapa: SETEMBRO\/2016<\/b><\/i><\/span><\/p>\n<p class=\"western\"><span style=\"font-family: Arial, sans-serif;\"><i>Categoria : Infantil\/Juvenil &#8211; dia 20\/09\/2016 (ter\u00e7a-feira) <\/i><\/span><\/p>\n<p class=\"western\"><span style=\"font-family: Arial, sans-serif;\"><i>Categoria : Absoluto &#8211; dia 23\/09\/2016 (sexta-feira)<\/i><\/span><\/p>\n<p class=\"western\"><span style=\"font-family: Arial, sans-serif;\"><i>Categoria Pr\u00e9-Mirim e Mirim, Feminino e Masculino, Infantil\/Juvenil (feminino) e Veteranos &#8211; dia 24\/09\/2016 (s\u00e1bado)<\/i><\/span><\/p>\n<p class=\"western\"><span style=\"font-family: Arial, sans-serif;\"><i><b>9\u00aa etapa: OUTUBRO\/2016<\/b><\/i><\/span><\/p>\n<p class=\"western\"><span style=\"font-family: Arial, sans-serif;\"><i>Categoria : Infantil\/Juvenil &#8211; dia 25\/10\/2016 (ter\u00e7a-feira) <\/i><\/span><\/p>\n<p class=\"western\"><span style=\"font-family: Arial, sans-serif;\"><i>Categoria : Absoluto &#8211; dia 28\/10\/2016 (sexta-feira)<\/i><\/span><\/p>\n<p class=\"western\"><span style=\"font-family: Arial, sans-serif;\"><i>Categoria Pr\u00e9-Mirim e Mirim, Feminino e Masculino, Infantil\/Juvenil (feminino) e Veteranos &#8211; dia 29\/10\/2016 (s\u00e1bado)<\/i><\/span><\/p>\n<p class=\"western\"><span style=\"font-family: Arial, sans-serif;\"><i><b>10\u00aa etapa: NOVEMBRO\/2016<\/b><\/i><\/span><\/p>\n<p class=\"western\"><span style=\"font-family: Arial, sans-serif;\"><i>Categoria : Infantil\/Juvenil &#8211; dia 22\/11\/2016 (ter\u00e7a-feira) <\/i><\/span><\/p>\n<p class=\"western\"><span style=\"font-family: Arial, sans-serif;\"><i>Categoria : Absoluto &#8211; dia 25\/11\/2016 (sexta-feira)<\/i><\/span><\/p>\n<p class=\"western\"><span style=\"font-family: Arial, sans-serif;\"><i>Categoria Pr\u00e9-Mirim e Mirim, Feminino e Masculino, Infantil\/Juvenil (feminino) e Veteranos &#8211; dia 26\/11\/2016 (s\u00e1bado)<\/i><\/span><\/p>\n<p class=\"western\"><span style=\"font-family: Arial, sans-serif;\"><i><b>Observa\u00e7\u00f5es:<\/b><\/i><\/span><\/p>\n<p class=\"western\"><span style=\"font-family: Arial, sans-serif;\"><i><b>O Ranking PERMANECER\u00c1 com os mesmos crit\u00e9rios utilizados em 2015, com a pontua\u00e7\u00e3o, permanecendo da seguinte forma:<\/b><\/i><\/span><\/p>\n<p class=\"western\"><span style=\"font-family: Arial, sans-serif;\"><i><b>1\u00ba lugar \u2013 500 pontos; 2\u00ba lugar \u2013 400 pontos; 3\u00ba lugar &#8211; 250 pontos; 4\u00ba lugar \u2013200 pontos; 5\u00ba lugar \u2013 180pontos ; 6\u00ba lugar \u2013 160 pontos; 7\u00ba lugar \u2013 140 pontos; 8\u00ba lugar -120 pontos; 9\u00ba lugar \u2013 100 pontos; 10\u00ba lugar \u2013 80 pontos; 11\u00ba lugar \u2013 60 pontos; 12\u00ba lugar- 50 pontos; 13\u00ba lugar -40 pontos; 14\u00ba lugar \u2013 30 pontos; 15\u00ba lugar 25 pontos; 16\u00ba lugar \u2013 20 pontos; 17\u00ba lugar \u2013 15 pontos; 18\u00ba lugar \u2013 14 pontos; 19\u00ba lugar \u201313 pontos; 20\u00ba lugar 11 pontos e do 21\u00ba a 30\u00ba lugar 10 pontos e do 31\u00ba a 40\u00ba lugar 08 pontos e do 41\u00ba a 50\u00ba lugar 05 pontos <\/b><\/i><\/span><\/p>\n","protected":false},"excerpt":{"rendered":"<p>calendario tenis de mesa de 2016 &nbsp; FEDERA\u00c7\u00c3O DE T\u00caNIS DE MESA DO ESTADO DO ACRE ENTIDADE OFICIAL FUNDADA EM 05\/06\/2005 FILIADA \u00c1 CONFEDERA\u00c7\u00c3O BRASILEIRA DE T\u00caNIS DE MESA CNPJ: 07.471.417\/0001-81 Calend\u00e1rio das Atividades da FTMEAC, para o Ranking Acriano de 2016 \u2013 Circuito 2016 1\u00aa etapa: FEVEREIRO\/2016 Categoria : Infantil\/Juvenil &#8211; dia 23\/02\/2016 (ter\u00e7a-feira) [&hellip;]<\/p>\n","protected":false},"author":2,"featured_media":0,"parent":0,"menu_order":0,"comment_status":"closed","ping_status":"closed","template":"","meta":{"footnotes":""},"class_list":["post-2034","page","type-page","status-publish","hentry"],"_links":{"self":[{"href":"https:\/\/tenisdemesaacre.com.br\/site\/wp-json\/wp\/v2\/pages\/2034","targetHints":{"allow":["GET"]}}],"collection":[{"href":"https:\/\/tenisdemesaacre.com.br\/site\/wp-json\/wp\/v2\/pages"}],"about":[{"href":"https:\/\/tenisdemesaacre.com.br\/site\/wp-json\/wp\/v2\/types\/page"}],"author":[{"embeddable":true,"href":"https:\/\/tenisdemesaacre.com.br\/site\/wp-json\/wp\/v2\/users\/2"}],"replies":[{"embeddable":true,"href":"https:\/\/tenisdemesaacre.com.br\/site\/wp-json\/wp\/v2\/comments?post=2034"}],"version-history":[{"count":3,"href":"https:\/\/tenisdemesaacre.com.br\/site\/wp-json\/wp\/v2\/pages\/2034\/revisions"}],"predecessor-version":[{"id":2039,"href":"https:\/\/tenisdemesaacre.com.br\/site\/wp-json\/wp\/v2\/pages\/2034\/revisions\/2039"}],"wp:attachment":[{"href":"https:\/\/tenisdemesaacre.com.br\/site\/wp-json\/wp\/v2\/media?parent=2034"}],"curies":[{"name":"wp","href":"https:\/\/api.w.org\/{rel}","templated":true}]}}