{"id":211,"date":"2012-08-07T23:49:34","date_gmt":"2012-08-07T23:49:34","guid":{"rendered":"http:\/\/tenisdemesaacre.com.br\/site\/?page_id=211"},"modified":"2016-01-11T18:46:38","modified_gmt":"2016-01-11T18:46:38","slug":"bate-bola","status":"publish","type":"page","link":"https:\/\/tenisdemesaacre.com.br\/site\/bate-bola\/","title":{"rendered":"Bate Bola"},"content":{"rendered":"<p><span class=\"goog-text-highlight\">De Todos os S\u00e1bado batemos bolas, jogamos A Nossa pelada.<\/span> OS Confira Hor\u00e1rios:<\/p>\n<p>S\u00e1bado: <strong>A Partir das 15: 30h\u00a0<\/strong><\/p>\n<p>Compare\u00e7a!<\/p>\n<p>&nbsp;<\/p>\n","protected":false},"excerpt":{"rendered":"<p>De Todos os S\u00e1bado batemos bolas, jogamos A Nossa pelada. OS Confira Hor\u00e1rios: S\u00e1bado: A Partir das 15: 30h\u00a0 Compare\u00e7a! &nbsp;<\/p>\n","protected":false},"author":2,"featured_media":0,"parent":0,"menu_order":0,"comment_status":"closed","ping_status":"open","template":"","meta":{"footnotes":""},"class_list":["post-211","page","type-page","status-publish","hentry"],"_links":{"self":[{"href":"https:\/\/tenisdemesaacre.com.br\/site\/wp-json\/wp\/v2\/pages\/211","targetHints":{"allow":["GET"]}}],"collection":[{"href":"https:\/\/tenisdemesaacre.com.br\/site\/wp-json\/wp\/v2\/pages"}],"about":[{"href":"https:\/\/tenisdemesaacre.com.br\/site\/wp-json\/wp\/v2\/types\/page"}],"author":[{"embeddable":true,"href":"https:\/\/tenisdemesaacre.com.br\/site\/wp-json\/wp\/v2\/users\/2"}],"replies":[{"embeddable":true,"href":"https:\/\/tenisdemesaacre.com.br\/site\/wp-json\/wp\/v2\/comments?post=211"}],"version-history":[{"count":5,"href":"https:\/\/tenisdemesaacre.com.br\/site\/wp-json\/wp\/v2\/pages\/211\/revisions"}],"predecessor-version":[{"id":1967,"href":"https:\/\/tenisdemesaacre.com.br\/site\/wp-json\/wp\/v2\/pages\/211\/revisions\/1967"}],"wp:attachment":[{"href":"https:\/\/tenisdemesaacre.com.br\/site\/wp-json\/wp\/v2\/media?parent=211"}],"curies":[{"name":"wp","href":"https:\/\/api.w.org\/{rel}","templated":true}]}}