{"id":2396,"date":"2017-02-01T18:37:04","date_gmt":"2017-02-01T18:37:04","guid":{"rendered":"http:\/\/tenisdemesaacre.com.br\/site\/?page_id=2396"},"modified":"2017-03-12T23:17:46","modified_gmt":"2017-03-12T23:17:46","slug":"calendario-das-etapas-de-2017","status":"publish","type":"page","link":"https:\/\/tenisdemesaacre.com.br\/site\/calendario-das-etapas-de-2017\/","title":{"rendered":"Calend\u00e1rio das Etapas de 2017"},"content":{"rendered":"<p>Calend\u00e1rio das Atividades da FTMEAC, para o Ranking Acreano de 2017 \u2013 Circuito 2017<\/p>\n<p><strong>1a etapa: MAR\u00c7O\/2017<\/strong><\/p>\n<p>Categoria: Infantil\/Juvenil\/ Categoria B &#8211; dia 21\/03\/2017 (ter\u00e7a-feira)<br \/>\nCategoria: Absoluto &#8211; dia 24\/03\/2017 (sexta-feira)<br \/>\nCategoria Veteranos &#8211; dia 25\/03\/2017 (s\u00e1bado)<\/p>\n<p><strong>2a etapa: ABRIL\/2017<\/strong><\/p>\n<p>Categoria: Infantil\/Juvenil\/\u00a0Categoria B &#8211; dia 25\/04\/2017 (ter\u00e7a-feira)<br \/>\nCategoria: Absoluto &#8211; dia 28\/04\/2017 (sexta-feira)<br \/>\nCategoria Veteranos &#8211; dia 29\/04\/2017 (s\u00e1bado)<\/p>\n<p><strong>3a etapa: MAIO\/2017<\/strong><\/p>\n<p>Categoria: Infantil\/Juvenil\/\u00a0Categoria B &#8211; dia 23\/05\/2017 (ter\u00e7a-feira)<br \/>\nCategoria: Absoluto &#8211; dia 26\/05\/2017 (sexta-feira)<br \/>\nCategoria Veteranos &#8211; dia 27\/05\/2017 (s\u00e1bado)<\/p>\n<p><strong>4a etapa: JUNHO\/2017<\/strong><\/p>\n<p>Categoria: Infantil\/Juvenil\/\u00a0Categoria B &#8211; dia 27\/06\/2017 (ter\u00e7a-feira)<br \/>\nCategoria: Absoluto &#8211; dia 30\/06\/2017 (sexta-feira)<br \/>\nCategoria Veteranos &#8211; dia 24\/06\/2017 (s\u00e1bado)<\/p>\n<p><strong>5a etapa: JULHO\/2017<\/strong><\/p>\n<p>Categoria: Infantil\/Juvenil\/\u00a0Categoria B &#8211; dia 25\/07\/2017 (ter\u00e7a-feira)<br \/>\nCategoria: Absoluto &#8211; dia 28\/07\/2017 (sexta-feira)<br \/>\nCategoria Veteranos &#8211; dia 29\/07\/2017 (s\u00e1bado)<\/p>\n<p><strong>6a etapa: AGOSTO\/2017<\/strong><\/p>\n<p>Categoria: Infantil\/Juvenil\/\u00a0Categoria B &#8211; dia 22\/08\/2017 (ter\u00e7a-feira)<br \/>\nCategoria: Absoluto &#8211; dia 25\/08\/2017 (sexta-feira)<br \/>\nCategoria Veteranos &#8211; dia 26\/08\/2017 (s\u00e1bado)<\/p>\n<p><strong>7a etapa: SETEMBRO\/2017<\/strong><\/p>\n<p>Categoria: Infantil\/Juvenil\/\u00a0Categoria B &#8211; dia 26\/09\/2017 (ter\u00e7a-feira)<br \/>\nCategoria: Absoluto &#8211; dia 29\/09\/2017 (sexta-feira)<br \/>\nCategoria Veteranos &#8211; dia 30\/09\/2017 (s\u00e1bado)<\/p>\n<p><strong>8a etapa: OUTUBRO\/2017<\/strong><\/p>\n<p>Categoria: Infantil\/Juvenil\/\u00a0Categoria B &#8211; dia 24\/10\/2017 (ter\u00e7a-feira)<br \/>\nCategoria: Absoluto &#8211; dia 27\/10\/2017 (sexta-feira)<br \/>\nCategoria Veteranos &#8211; dia 28\/10\/2017 (s\u00e1bado)<\/p>\n<p><strong>9a etapa: NOVEMBRO\/2017<\/strong><\/p>\n<p>Categoria: Infantil\/Juvenil\/\u00a0Categoria B &#8211; dia 21\/11\/2017 (ter\u00e7a-feira)<br \/>\nCategoria: Absoluto &#8211; dia 24\/11\/2017 (sexta-feira)<br \/>\nCategoria Veteranos &#8211; dia 25\/11\/2017 (s\u00e1bado)<\/p>\n<p><strong>Observa\u00e7\u00f5es:<\/strong><\/p>\n<p><strong>O Ranking PERMANECER\u00c1 com os mesmos crit\u00e9rios utilizados em 2016, com a pontua\u00e7\u00e3o, permanecendo da seguinte forma:<\/strong><\/p>\n<p><strong>1o lugar \u2013 500 pontos; 2o lugar \u2013 400 pontos; 3o lugar &#8211; 250 pontos; 4o lugar \u2013200 pontos; 5o lugar \u2013 180pontos ; 6o lugar \u2013 160 pontos; 7o lugar \u2013 140 pontos; 8o lugar -120 pontos; 9o lugar \u2013 100 pontos; 10o lugar \u2013 80 pontos; 11o lugar \u2013 60 pontos; 12o lugar- 50 pontos; 13o lugar -40 pontos; 14o lugar \u2013 30 pontos; 15o lugar 25 pontos; 16o lugar \u2013 20 pontos; 17o lugar \u2013 15 pontos; 18o lugar \u2013 14 pontos; 19o lugar \u201313 pontos; 20o lugar 11 pontos e do 21o a 30o lugar 10 pontos e do 31o a 40o lugar 08 pontos e do 41o a 50o lugar 05 pontos<\/strong><\/p>\n","protected":false},"excerpt":{"rendered":"<p>Calend\u00e1rio das Atividades da FTMEAC, para o Ranking Acreano de 2017 \u2013 Circuito 2017 1a etapa: MAR\u00c7O\/2017 Categoria: Infantil\/Juvenil\/ Categoria B &#8211; dia 21\/03\/2017 (ter\u00e7a-feira) Categoria: Absoluto &#8211; dia 24\/03\/2017 (sexta-feira) Categoria Veteranos &#8211; dia 25\/03\/2017 (s\u00e1bado) 2a etapa: ABRIL\/2017 Categoria: Infantil\/Juvenil\/\u00a0Categoria B &#8211; dia 25\/04\/2017 (ter\u00e7a-feira) Categoria: Absoluto &#8211; dia 28\/04\/2017 (sexta-feira) Categoria Veteranos [&hellip;]<\/p>\n","protected":false},"author":21622,"featured_media":0,"parent":0,"menu_order":0,"comment_status":"closed","ping_status":"closed","template":"","meta":{"footnotes":""},"class_list":["post-2396","page","type-page","status-publish","hentry"],"_links":{"self":[{"href":"https:\/\/tenisdemesaacre.com.br\/site\/wp-json\/wp\/v2\/pages\/2396","targetHints":{"allow":["GET"]}}],"collection":[{"href":"https:\/\/tenisdemesaacre.com.br\/site\/wp-json\/wp\/v2\/pages"}],"about":[{"href":"https:\/\/tenisdemesaacre.com.br\/site\/wp-json\/wp\/v2\/types\/page"}],"author":[{"embeddable":true,"href":"https:\/\/tenisdemesaacre.com.br\/site\/wp-json\/wp\/v2\/users\/21622"}],"replies":[{"embeddable":true,"href":"https:\/\/tenisdemesaacre.com.br\/site\/wp-json\/wp\/v2\/comments?post=2396"}],"version-history":[{"count":3,"href":"https:\/\/tenisdemesaacre.com.br\/site\/wp-json\/wp\/v2\/pages\/2396\/revisions"}],"predecessor-version":[{"id":2419,"href":"https:\/\/tenisdemesaacre.com.br\/site\/wp-json\/wp\/v2\/pages\/2396\/revisions\/2419"}],"wp:attachment":[{"href":"https:\/\/tenisdemesaacre.com.br\/site\/wp-json\/wp\/v2\/media?parent=2396"}],"curies":[{"name":"wp","href":"https:\/\/api.w.org\/{rel}","templated":true}]}}