{"id":3000,"date":"2018-12-20T18:46:47","date_gmt":"2018-12-20T18:46:47","guid":{"rendered":"http:\/\/tenisdemesaacre.com.br\/site\/?page_id=3000"},"modified":"2019-05-06T22:06:57","modified_gmt":"2019-05-06T22:06:57","slug":"calendario-etapas-2019","status":"publish","type":"page","link":"https:\/\/tenisdemesaacre.com.br\/site\/calendario-etapas-2019\/","title":{"rendered":"Calend\u00e1rio das etapas 2019"},"content":{"rendered":"\n<div class=\"wp-block-image\"><figure class=\"aligncenter\"><img loading=\"lazy\" decoding=\"async\" width=\"124\" height=\"148\" src=\"http:\/\/tenisdemesaacre.com.br\/site\/wp-content\/uploads\/2017\/07\/logo_ftmeac.gif\" alt=\"\" class=\"wp-image-2592\"\/><\/figure><\/div>\n\n\n\n<p style=\"text-align:center\">FEDERA\u00c7\u00c3O DE T\u00caNIS DE MESA DO ESTADO DO ACRE ENTIDADE OFICIAL FUNDADA EM 05\/06\/2005 FILIADA \u00c1 CONFEDERA\u00c7\u00c3O BRASILEIRA DE T\u00caNIS DE MESA CNPJ: 07.471.417\/0001-81<\/p>\n\n\n\n<p><br> <\/p>\n\n\n\n<p style=\"text-align:center\"><strong>Calend\u00e1rio das Etapas para o Circuito de T\u00eanis de Mesa de 2019.<\/strong> <\/p>\n\n\n\n<p><strong>Veteranos e Mirim\/Infantil: <\/strong><br>Mar\u00e7o \u2013 1\u00aa etapa 26 (ter\u00e7a feira) <br>Abril \u2013 2\u00aa etapa 23 (ter\u00e7a-feira) <br>Maio \u2013 3\u00aa etapa 21 (ter\u00e7a-feira) <br>Junho \u2013 4\u00aa etapa 18 (ter\u00e7a-feira) <br>Julho \u2013 5\u00aa etapa 23 (ter\u00e7a-feira) <br>Agosto \u2013 6\u00aa etapa 20 (ter\u00e7a-feira) <br>Setembro \u2013 7\u00aa etapa 17 (ter\u00e7a-feira) <br>Outubro \u2013 8\u00aa etapa 22 (ter\u00e7a-feira) <br>Novembro \u2013 9\u00aa etapa 19 (ter\u00e7a-feira) <br><br><\/p>\n\n\n\n<p><strong>Absoluto B: <\/strong><br>Mar\u00e7o \u2013 1\u00aa etapa 29 (sexta feira) <br>Abril \u2013 2\u00aa etapa 26 (sexta-feira) <br>Maio \u2013 3\u00aa etapa 31 (sexta-feira <br>Junho \u2013 4\u00aa etapa 28 (sexta-feira) <br>Julho \u2013 5\u00aa etapa 26 (sexta-feira) <br>Agosto \u2013 6\u00aa etapa 30 (sexta-feira) <br>Setembro \u2013 7\u00aa etapa 27(sexta-feira) <br>Outubro \u2013 8\u00aa etapa 25 (sexta-feira) <br>Novembro \u2013 9\u00aa etapa 29 (sexta-feira) <br><br><\/p>\n\n\n\n<p><strong>Absoluto A: <\/strong><br>Mar\u00e7o \u2013 1\u00aa etapa 22 (sexta-feira) <br>Abril \u2013 2\u00aa etapa 30 (ter\u00e7a-feira) <br>Maio \u2013 3\u00aa etapa 28 (ter\u00e7a-feira) <br>Junho \u2013 4\u00aa etapa 25(ter\u00e7a-feira) <br>Julho \u2013 5\u00aa etapa 30 (ter\u00e7a-feira) <br>Agosto \u2013 6\u00aa etapa 27 (ter\u00e7a-feira) <br>Setembro \u2013 7\u00aa etapa 24 (ter\u00e7a-feira) <br>Outubro \u2013 8\u00aa etapa 29 (ter\u00e7a-feira) <br>Novembro \u2013 9\u00aa etapa 26 (ter\u00e7a-feira)<br><br><\/p>\n\n\n\n<p>Todos os jogos ser\u00e3o realizados no Gin\u00e1sio da AABB, a partir das 19:00 h.<\/p>\n\n\n\n<p> Atenciosamente, Manoel Bento Sobrinho Presidente da FTMEAC.<\/p>\n","protected":false},"excerpt":{"rendered":"<p>FEDERA\u00c7\u00c3O DE T\u00caNIS DE MESA DO ESTADO DO ACRE ENTIDADE OFICIAL FUNDADA EM 05\/06\/2005 FILIADA \u00c1 CONFEDERA\u00c7\u00c3O BRASILEIRA DE T\u00caNIS DE MESA CNPJ: 07.471.417\/0001-81 Calend\u00e1rio das Etapas para o Circuito de T\u00eanis de Mesa de 2019. Veteranos e Mirim\/Infantil: Mar\u00e7o \u2013 1\u00aa etapa 26 (ter\u00e7a feira) Abril \u2013 2\u00aa etapa 23 (ter\u00e7a-feira) Maio \u2013 3\u00aa [&hellip;]<\/p>\n","protected":false},"author":21622,"featured_media":0,"parent":0,"menu_order":0,"comment_status":"closed","ping_status":"closed","template":"","meta":{"footnotes":""},"class_list":["post-3000","page","type-page","status-publish","hentry"],"_links":{"self":[{"href":"https:\/\/tenisdemesaacre.com.br\/site\/wp-json\/wp\/v2\/pages\/3000","targetHints":{"allow":["GET"]}}],"collection":[{"href":"https:\/\/tenisdemesaacre.com.br\/site\/wp-json\/wp\/v2\/pages"}],"about":[{"href":"https:\/\/tenisdemesaacre.com.br\/site\/wp-json\/wp\/v2\/types\/page"}],"author":[{"embeddable":true,"href":"https:\/\/tenisdemesaacre.com.br\/site\/wp-json\/wp\/v2\/users\/21622"}],"replies":[{"embeddable":true,"href":"https:\/\/tenisdemesaacre.com.br\/site\/wp-json\/wp\/v2\/comments?post=3000"}],"version-history":[{"count":9,"href":"https:\/\/tenisdemesaacre.com.br\/site\/wp-json\/wp\/v2\/pages\/3000\/revisions"}],"predecessor-version":[{"id":3070,"href":"https:\/\/tenisdemesaacre.com.br\/site\/wp-json\/wp\/v2\/pages\/3000\/revisions\/3070"}],"wp:attachment":[{"href":"https:\/\/tenisdemesaacre.com.br\/site\/wp-json\/wp\/v2\/media?parent=3000"}],"curies":[{"name":"wp","href":"https:\/\/api.w.org\/{rel}","templated":true}]}}