{"id":340,"date":"2012-12-05T20:42:04","date_gmt":"2012-12-05T20:42:04","guid":{"rendered":"http:\/\/tenisdemesaacre.com.br\/site\/?page_id=340"},"modified":"2016-01-11T18:46:39","modified_gmt":"2016-01-11T18:46:39","slug":"ranking-acumulado-de-2006-a-2012","status":"publish","type":"page","link":"https:\/\/tenisdemesaacre.com.br\/site\/ranking-acumulado-de-2006-a-2012\/","title":{"rendered":"Ranking de 2006 a 2012"},"content":{"rendered":"<p>&nbsp;<\/p>\n<p><span style=\"text-decoration: underline;\"><strong>Ranking de 2006 a 2012<\/strong><\/span><\/p>\n<p>Atleta Categoria Pontua\u00e7\u00e3o classifica\u00e7\u00e3o<\/p>\n<p>Moacir Neto Adulto 26.240 1\u00ba<\/p>\n<p>Marcelo Sampaio Adulto 24.990 2\u00ba<\/p>\n<p>Paulo Victo Adulto 12.353 3\u00ba<\/p>\n<p>Weneddy Adulto 11.988 4\u00ba<\/p>\n<p>Antonio Costa Veterano 10.840 5\u00ba<\/p>\n<p>Evairton Senior 9.983 6\u00ba<\/p>\n<p>Manoel Bento Veterano 7.504 7\u00ba<\/p>\n<p>Ian Felipe Juventude 7.393 8\u00ba<\/p>\n<p>Willians Andrade Senior 6.790 9\u00ba<\/p>\n<p>Rafael S\u00e1 Adulto 4.260 10\u00ba<\/p>\n<p>Jo\u00e3o Tavares Senior 3.900 11\u00ba<\/p>\n<p>M\u00edlciades Senior 3.260 12\u00ba<\/p>\n<p>Gleisson Maia Adulto 3.128 13\u00ba<\/p>\n<p>J\u00e9ssica Salom\u00e3o Adulto-Fem. 2.529 14\u00ba<\/p>\n<p>Jonatas Adulto 2.389 15\u00ba<\/p>\n<p>Honny Nascimento Adulto 2.180 16\u00ba<\/p>\n<p>Ivan Watanabe Juventude 1.200 17\u00ba<\/p>\n<p>Elliton Adulto 1.200 17\u00ba<\/p>\n<p>\u00cdtalo (Simpson) Adulto 1.155 19\u00ba<\/p>\n<p>Aldo Dedemo Adulto 1.100 20\u00ba<\/p>\n<p>Caleb Mateus Infantil 900 21\u00ba<\/p>\n<p>Ingo Gadelha Adulto 886 22\u00ba<\/p>\n<p>Pedro Henrique Infantil 660 23\u00ba<\/p>\n<p>Isnael Adulto 400 24\u00ba<\/p>\n<p>Ian Costa Juventude 400 24\u00ba<\/p>\n<p>Ricardo Sampaio Adulto 380 26\u00ba<\/p>\n<p>Gilberto Guimar\u00e3es Adulto 260 27\u00ba<\/p>\n<p>Claudia Watanabe Adulto Fem 200 28\u00ba<\/p>\n<p>Miguel Adulto 200 28\u00ba<\/p>\n<p>Eli\u00e9sio (PAIM) Adulto 200 28\u00ba<\/p>\n<p>Rivaldo Adulto 200 28\u00ba<\/p>\n<p>Jos\u00e9 Alberto (Beto) Adulto 180 32\u00ba<\/p>\n<p>Douglas Victor Infantil 160 33\u00ba<\/p>\n<p>Gileno Adulto 120 34\u00ba<\/p>\n<p>Bruno Rodrigues Adulto 120 34\u00ba<\/p>\n<p>Diogenes Adulto 60 36\u00ba<\/p>\n<p>Edmundo Juventude 40 37\u00ba<\/p>\n<p>Heimar Rodrigues Adulto 40 37\u00ba<\/p>\n<p>R\u00e9dson Adulto 40 37\u00ba<\/p>\n<p>Holanda Veterano 40 37\u00ba<\/p>\n<p>Erival Adulto 20 41\u00ba<\/p>\n<p>Kemil Adulto 5 42\u00ba<\/p>\n<p>PEDRO Juventude 3 43\u00ba<\/p>\n<p>&nbsp;<\/p>\n<p><span style=\"text-decoration: underline;\"><strong>Ranking Categoria Especial Acumulado de 2011 e 2012 <\/strong><\/span><\/p>\n<p>Atleta Categoria Pontua\u00e7\u00e3o Classifica\u00e7\u00e3o<\/p>\n<p>Victor Augusto Mirim 2.140 1\u00ba<\/p>\n<p>Gabriel Silva Mirim 1.770 2\u00ba<\/p>\n<p>Rodrigo Mendes Infantil 1.250 3\u00ba<\/p>\n<p>Douglas Victor Infantil 1.100 4\u00ba<\/p>\n<p>Jorge Mendes Infantil 960 5\u00ba<\/p>\n<p>Pedro Paulo Infantil 860 6\u00ba<\/p>\n<p>Luan Braga Juventude 670 7\u00ba<\/p>\n<p>S\u00edlvio de Carli Infantil 580 8\u00ba<\/p>\n<p>Thiago Braga Infantil 560 9\u00ba<\/p>\n<p>Wereslei Lopes Juventude 400 10\u00ba<\/p>\n<p>Mateus da Silva Juventude 400 10\u00ba<\/p>\n<p>Jos\u00e9 Lucas Juventude 380 12\u00ba<\/p>\n<p>El\u00e1sio Souza Senior 350 13\u00ba<\/p>\n<p>Pedro Machado Infantil 220 14\u00ba<\/p>\n<p>Jo\u00e3o Neto Juventude 220 14\u00ba<\/p>\n<p>Emanoel Rog\u00e9rio Veterano 160 16\u00ba<\/p>\n<p>Kevin Lira Juventude 150 17\u00ba<\/p>\n<p>Diogo Ferreira Juventude 120 18\u00ba<\/p>\n<p>Marcos Vinicius Rodr. Juventude 100 19\u00ba<\/p>\n<p>Dalto Silva Mirim 60 20\u00ba<\/p>\n<p>Vin\u00edcius Souza Juventude 60 20\u00ba<\/p>\n<p>Gabriel Oliveira Infantil 60 20\u00ba<\/p>\n<p>Janderson Barros Infantil 60 20\u00ba<\/p>\n","protected":false},"excerpt":{"rendered":"<p>&nbsp; Ranking de 2006 a 2012 Atleta Categoria Pontua\u00e7\u00e3o classifica\u00e7\u00e3o Moacir Neto Adulto 26.240 1\u00ba Marcelo Sampaio Adulto 24.990 2\u00ba Paulo Victo Adulto 12.353 3\u00ba Weneddy Adulto 11.988 4\u00ba Antonio Costa Veterano 10.840 5\u00ba Evairton Senior 9.983 6\u00ba Manoel Bento Veterano 7.504 7\u00ba Ian Felipe Juventude 7.393 8\u00ba Willians Andrade Senior 6.790 9\u00ba Rafael S\u00e1 [&hellip;]<\/p>\n","protected":false},"author":2,"featured_media":0,"parent":0,"menu_order":0,"comment_status":"closed","ping_status":"open","template":"","meta":{"footnotes":""},"class_list":["post-340","page","type-page","status-publish","hentry"],"_links":{"self":[{"href":"https:\/\/tenisdemesaacre.com.br\/site\/wp-json\/wp\/v2\/pages\/340","targetHints":{"allow":["GET"]}}],"collection":[{"href":"https:\/\/tenisdemesaacre.com.br\/site\/wp-json\/wp\/v2\/pages"}],"about":[{"href":"https:\/\/tenisdemesaacre.com.br\/site\/wp-json\/wp\/v2\/types\/page"}],"author":[{"embeddable":true,"href":"https:\/\/tenisdemesaacre.com.br\/site\/wp-json\/wp\/v2\/users\/2"}],"replies":[{"embeddable":true,"href":"https:\/\/tenisdemesaacre.com.br\/site\/wp-json\/wp\/v2\/comments?post=340"}],"version-history":[{"count":4,"href":"https:\/\/tenisdemesaacre.com.br\/site\/wp-json\/wp\/v2\/pages\/340\/revisions"}],"predecessor-version":[{"id":2072,"href":"https:\/\/tenisdemesaacre.com.br\/site\/wp-json\/wp\/v2\/pages\/340\/revisions\/2072"}],"wp:attachment":[{"href":"https:\/\/tenisdemesaacre.com.br\/site\/wp-json\/wp\/v2\/media?parent=340"}],"curies":[{"name":"wp","href":"https:\/\/api.w.org\/{rel}","templated":true}]}}