{"id":3846,"date":"2024-01-30T02:47:48","date_gmt":"2024-01-30T02:47:48","guid":{"rendered":"https:\/\/tenisdemesaacre.com.br\/site\/?page_id=3846"},"modified":"2024-01-30T03:04:20","modified_gmt":"2024-01-30T03:04:20","slug":"diretoria","status":"publish","type":"page","link":"https:\/\/tenisdemesaacre.com.br\/site\/diretoria\/","title":{"rendered":"Diretoria e Convoca\u00e7\u00f5es"},"content":{"rendered":"\n<p>Presidente: Emanoel Rog\u00e9rio Fernandes<\/p>\n\n\n\n<p>Vice-Presidente: Paulo Victo Mota da Silva<\/p>\n\n\n\n<p>Conselho Fiscal: Gleysson Maia Barros \/ Ian Felipe Santiago de Oliveira<\/p>\n\n\n\n<p>Secret\u00e1rio: Elias Couto Cabral<\/p>\n\n\n\n<p>Tesoreiro: Jos\u00e9 Augusto da Rocha Menezes<\/p>\n\n\n\n<p>Diretor do Departamento T\u00e9cnico: Ant\u00f4nio Concei\u00e7\u00e3o dos Santos<\/p>\n\n\n\n<p>Diretor do Departamento Jur\u00eddico: Ant\u00f4nio Costa Santos<\/p>\n\n\n\n<p>Diretor do Departamento de Arbitragem: Manoel Bento Sobrinho<\/p>\n\n\n\n<p>Diretor do Departamento de Marketing: Anatal\u00edcio Gomes de Souza<\/p>\n\n\n\n<p><\/p>\n\n\n\n<h2 class=\"wp-block-heading\">Convoca\u00e7\u00f5es<\/h2>\n\n\n\n<p><\/p>\n\n\n\n<figure class=\"wp-block-table\"><table><tbody><tr><td>Convoca\u00e7\u00e3o<\/td><td class=\"has-text-align-center\" data-align=\"center\">Data<\/td><\/tr><tr><td><a href=\"https:\/\/tenisdemesaacre.com.br\/site\/wp-content\/uploads\/2024\/01\/OFICIO-CONVOCACAO-AGO-2024.pdf\">Assembleia Geral Ordin\u00e1ria 2024<\/a><\/td><td class=\"has-text-align-center\" data-align=\"center\">20 de janeiro de 2024<\/td><\/tr><\/tbody><\/table><\/figure>\n\n\n\n<p><\/p>\n","protected":false},"excerpt":{"rendered":"<p>Presidente: Emanoel Rog\u00e9rio Fernandes Vice-Presidente: Paulo Victo Mota da Silva Conselho Fiscal: Gleysson Maia Barros \/ Ian Felipe Santiago de Oliveira Secret\u00e1rio: Elias Couto Cabral Tesoreiro: Jos\u00e9 Augusto da Rocha Menezes Diretor do Departamento T\u00e9cnico: Ant\u00f4nio Concei\u00e7\u00e3o dos Santos Diretor do Departamento Jur\u00eddico: Ant\u00f4nio Costa Santos Diretor do Departamento de Arbitragem: Manoel Bento Sobrinho Diretor [&hellip;]<\/p>\n","protected":false},"author":21624,"featured_media":0,"parent":0,"menu_order":0,"comment_status":"closed","ping_status":"closed","template":"","meta":{"footnotes":""},"class_list":["post-3846","page","type-page","status-publish","hentry"],"_links":{"self":[{"href":"https:\/\/tenisdemesaacre.com.br\/site\/wp-json\/wp\/v2\/pages\/3846","targetHints":{"allow":["GET"]}}],"collection":[{"href":"https:\/\/tenisdemesaacre.com.br\/site\/wp-json\/wp\/v2\/pages"}],"about":[{"href":"https:\/\/tenisdemesaacre.com.br\/site\/wp-json\/wp\/v2\/types\/page"}],"author":[{"embeddable":true,"href":"https:\/\/tenisdemesaacre.com.br\/site\/wp-json\/wp\/v2\/users\/21624"}],"replies":[{"embeddable":true,"href":"https:\/\/tenisdemesaacre.com.br\/site\/wp-json\/wp\/v2\/comments?post=3846"}],"version-history":[{"count":3,"href":"https:\/\/tenisdemesaacre.com.br\/site\/wp-json\/wp\/v2\/pages\/3846\/revisions"}],"predecessor-version":[{"id":3861,"href":"https:\/\/tenisdemesaacre.com.br\/site\/wp-json\/wp\/v2\/pages\/3846\/revisions\/3861"}],"wp:attachment":[{"href":"https:\/\/tenisdemesaacre.com.br\/site\/wp-json\/wp\/v2\/media?parent=3846"}],"curies":[{"name":"wp","href":"https:\/\/api.w.org\/{rel}","templated":true}]}}