{"id":4101,"date":"2025-01-27T13:07:54","date_gmt":"2025-01-27T13:07:54","guid":{"rendered":"https:\/\/tenisdemesaacre.com.br\/site\/?page_id=4101"},"modified":"2025-01-27T13:07:54","modified_gmt":"2025-01-27T13:07:54","slug":"prestacao-de-contas-de-2024","status":"publish","type":"page","link":"https:\/\/tenisdemesaacre.com.br\/site\/prestacao-de-contas-de-2024\/","title":{"rendered":"Presta\u00e7\u00e3o de Contas de 2024"},"content":{"rendered":"\n<h3 class=\"wp-block-heading has-text-align-center\">Recursos Pr\u00f3prios<\/h3>\n\n\n\n<div data-wp-interactive=\"core\/file\" class=\"wp-block-file\"><object data-wp-bind--hidden=\"!state.hasPdfPreview\" hidden class=\"wp-block-file__embed\" data=\"https:\/\/tenisdemesaacre.com.br\/site\/wp-content\/uploads\/2025\/01\/Prestacao-de-Contas-do-Exercicio-de-2024-Recursos-Proprios.pdf\" type=\"application\/pdf\" style=\"width:100%;height:600px\" aria-label=\"Incorporado de Presta\u00e7\u00e3o de Contas do Exercicio de 2024 - Recursos Pr\u00f3prios.\"><\/object><a id=\"wp-block-file--media-aecac31e-108b-4b2d-b8de-4d6d0d6a5ce3\" href=\"https:\/\/tenisdemesaacre.com.br\/site\/wp-content\/uploads\/2025\/01\/Prestacao-de-Contas-do-Exercicio-de-2024-Recursos-Proprios.pdf\">Presta\u00e7\u00e3o de Contas do Exercicio de 2024 &#8211; Recursos Pr\u00f3prios<\/a><a href=\"https:\/\/tenisdemesaacre.com.br\/site\/wp-content\/uploads\/2025\/01\/Prestacao-de-Contas-do-Exercicio-de-2024-Recursos-Proprios.pdf\" class=\"wp-block-file__button wp-element-button\" download aria-describedby=\"wp-block-file--media-aecac31e-108b-4b2d-b8de-4d6d0d6a5ce3\">Baixar<\/a><\/div>\n\n\n\n<h3 class=\"wp-block-heading has-text-align-center\">Termos de Fomento<\/h3>\n\n\n\n<div data-wp-interactive=\"core\/file\" class=\"wp-block-file\"><object data-wp-bind--hidden=\"!state.hasPdfPreview\" hidden class=\"wp-block-file__embed\" data=\"https:\/\/tenisdemesaacre.com.br\/site\/wp-content\/uploads\/2025\/01\/Prestacao-de-Contas-do-Exercicio-de-2024-Termos-de-Fomento.pdf\" type=\"application\/pdf\" style=\"width:100%;height:600px\" aria-label=\"Incorporado de Presta\u00e7\u00e3o de Contas do Exercicio de 2024 - Termos de Fomento.\"><\/object><a id=\"wp-block-file--media-0e1bf6b1-1d83-40a5-b580-3ed79b9fe5c5\" href=\"https:\/\/tenisdemesaacre.com.br\/site\/wp-content\/uploads\/2025\/01\/Prestacao-de-Contas-do-Exercicio-de-2024-Termos-de-Fomento.pdf\">Presta\u00e7\u00e3o de Contas do Exercicio de 2024 &#8211; Termos de Fomento<\/a><a href=\"https:\/\/tenisdemesaacre.com.br\/site\/wp-content\/uploads\/2025\/01\/Prestacao-de-Contas-do-Exercicio-de-2024-Termos-de-Fomento.pdf\" class=\"wp-block-file__button wp-element-button\" download aria-describedby=\"wp-block-file--media-0e1bf6b1-1d83-40a5-b580-3ed79b9fe5c5\">Baixar<\/a><\/div>\n","protected":false},"excerpt":{"rendered":"<p>Recursos Pr\u00f3prios Termos de Fomento<\/p>\n","protected":false},"author":21624,"featured_media":0,"parent":0,"menu_order":0,"comment_status":"closed","ping_status":"closed","template":"","meta":{"footnotes":""},"class_list":["post-4101","page","type-page","status-publish","hentry"],"_links":{"self":[{"href":"https:\/\/tenisdemesaacre.com.br\/site\/wp-json\/wp\/v2\/pages\/4101","targetHints":{"allow":["GET"]}}],"collection":[{"href":"https:\/\/tenisdemesaacre.com.br\/site\/wp-json\/wp\/v2\/pages"}],"about":[{"href":"https:\/\/tenisdemesaacre.com.br\/site\/wp-json\/wp\/v2\/types\/page"}],"author":[{"embeddable":true,"href":"https:\/\/tenisdemesaacre.com.br\/site\/wp-json\/wp\/v2\/users\/21624"}],"replies":[{"embeddable":true,"href":"https:\/\/tenisdemesaacre.com.br\/site\/wp-json\/wp\/v2\/comments?post=4101"}],"version-history":[{"count":1,"href":"https:\/\/tenisdemesaacre.com.br\/site\/wp-json\/wp\/v2\/pages\/4101\/revisions"}],"predecessor-version":[{"id":4104,"href":"https:\/\/tenisdemesaacre.com.br\/site\/wp-json\/wp\/v2\/pages\/4101\/revisions\/4104"}],"wp:attachment":[{"href":"https:\/\/tenisdemesaacre.com.br\/site\/wp-json\/wp\/v2\/media?parent=4101"}],"curies":[{"name":"wp","href":"https:\/\/api.w.org\/{rel}","templated":true}]}}